{"id":207,"date":"2011-04-05T13:43:30","date_gmt":"2011-04-05T10:43:30","guid":{"rendered":"http:\/\/www.humppa.com\/jokisen-valinta\/?page_id=207"},"modified":"2026-03-03T13:48:23","modified_gmt":"2026-03-03T11:48:23","slug":"kassa","status":"publish","type":"page","link":"https:\/\/www.humppa.com\/jokisen-valinta\/kassa\/","title":{"rendered":"Kassa"},"content":{"rendered":"\n<p><strong><a href=\"https:\/\/stripe.com\/\" target=\"_blank\" rel=\"noreferrer noopener nofollow\">Stripe<\/a><\/strong>-palvelussa voit maksaa ostoksesi muun muassa pankki- tai luottokortilla, Apple Paylla tai Google Paylla. Palvelussa t\u00e4yt\u00e4t my\u00f6s yhteystietosi. Tilausvahvistus tulee s\u00e4hk\u00f6postiisi automaatin l\u00e4hett\u00e4m\u00e4n\u00e4 ja toinen s\u00e4hk\u00f6posti tulee kunhan tilauksesi on pakattu tai l\u00e4hetetty.<\/p>\n\n\n\n<p><strong>Pankkisiirron maksuohjeet<\/strong> saat s\u00e4hk\u00f6postiisi helposti: <a href=\"https:\/\/www.humppa.com\/jokisen-valinta\/tilauslomake\/\">l\u00e4hett\u00e4m\u00e4ll\u00e4 tilauksesi tilauslomakkeella klikkaamalla T\u00c4ST\u00c4<\/a> tai laita tilauksesi s\u00e4hk\u00f6postilla <a href=\"mailto:&#105;ndi&#101;&#102;ilms&#64;indi&#101;fil&#109;s.fi\">in&#100;ie&#102;i&#108;m&#115;&#64;ind&#105;&#101;&#102;i&#108;m&#115;&#46;f&#105;<\/a> -osoitteeseen. Vastaan yleens\u00e4 viimeist\u00e4\u00e4n seuraavana arkip\u00e4iv\u00e4n\u00e4.<\/p>\n\n\n\n<p>Yli 40\u20ac tilaukset ilman toimituskuluja paitsi vinyyli-LP:t ja vinyylisoitinten levymatot (alle 100\u20ac tilauksessa) vaativat 7\u20ac pakettitoimituksen.<\/p>\n","protected":false},"excerpt":{"rendered":"<p>Jokisen valinta &#8211; kassa. Voit l\u00e4hett\u00e4\u00e4 tilauksesi my\u00f6s s\u00e4hk\u00f6postilla tai k\u00e4ytt\u00e4m\u00e4ll\u00e4 tilauslomaketta.<\/p>\n","protected":false},"author":2,"featured_media":0,"parent":0,"menu_order":4,"comment_status":"closed","ping_status":"closed","template":"","meta":{"footnotes":""},"class_list":["post-207","page","type-page","status-publish","hentry"],"_links":{"self":[{"href":"https:\/\/www.humppa.com\/jokisen-valinta\/wp-json\/wp\/v2\/pages\/207","targetHints":{"allow":["GET"]}}],"collection":[{"href":"https:\/\/www.humppa.com\/jokisen-valinta\/wp-json\/wp\/v2\/pages"}],"about":[{"href":"https:\/\/www.humppa.com\/jokisen-valinta\/wp-json\/wp\/v2\/types\/page"}],"author":[{"embeddable":true,"href":"https:\/\/www.humppa.com\/jokisen-valinta\/wp-json\/wp\/v2\/users\/2"}],"replies":[{"embeddable":true,"href":"https:\/\/www.humppa.com\/jokisen-valinta\/wp-json\/wp\/v2\/comments?post=207"}],"version-history":[{"count":2,"href":"https:\/\/www.humppa.com\/jokisen-valinta\/wp-json\/wp\/v2\/pages\/207\/revisions"}],"predecessor-version":[{"id":41424,"href":"https:\/\/www.humppa.com\/jokisen-valinta\/wp-json\/wp\/v2\/pages\/207\/revisions\/41424"}],"wp:attachment":[{"href":"https:\/\/www.humppa.com\/jokisen-valinta\/wp-json\/wp\/v2\/media?parent=207"}],"curies":[{"name":"wp","href":"https:\/\/api.w.org\/{rel}","templated":true}]}}