{"id":1124,"date":"2011-09-07T14:09:05","date_gmt":"2011-09-07T11:09:05","guid":{"rendered":"http:\/\/www.humppa.com\/jokisen-valinta\/?page_id=1124"},"modified":"2026-01-02T15:21:38","modified_gmt":"2026-01-02T13:21:38","slug":"toimitukset-ja-palautukset","status":"publish","type":"page","link":"https:\/\/www.humppa.com\/jokisen-valinta\/toimitukset-ja-palautukset\/","title":{"rendered":"Toimitukset ja palautukset"},"content":{"rendered":"\n<h2 class=\"wp-block-heading\">Toimitusehdot ja kulut 2024<\/h2>\n\n\n\n<h3 class=\"wp-block-heading\">Maksutavat<\/h3>\n\n\n\n<ul class=\"wp-block-list\">\n<li>tilisiirron maksutiedot saat s\u00e4hk\u00f6postiisi jos k\u00e4yt\u00e4t tilauslomaketta tai l\u00e4het\u00e4t tilauksesi  s\u00e4hk\u00f6postilla. Vastauss\u00e4hk\u00f6postin saat yleens\u00e4 viimeist\u00e4\u00e4n seuraavana arkip\u00e4iv\u00e4n\u00e4<\/li>\n\n\n\n<li>Stripe-palvelussa voit maksaa luotto- tai pankkikortilla, Apple Paylla tai Google Paylla tai jollakin muulla maksutavalla, mik\u00e4 riippuu k\u00e4ytt\u00e4m\u00e4st\u00e4si selaimesta, laitteesta ja maasta, jossa oleskelet. <\/li>\n<\/ul>\n\n\n\n<h3 class=\"wp-block-heading\">Toimituskulut EU-maihin<\/h3>\n\n\n\n<ul class=\"wp-block-list\">\n<li>Alle 40 \u20ac maksavat tilaukset 4,50\u20ac<\/li>\n\n\n\n<li>Pakettitoimitusta vaativat l\u00e4hetykset 7\u20ac, k\u00e4yt?nn\u00f6ss\u00e4 vinyyli LP:t (sis. seuranta Suomeen)<\/li>\n<\/ul>\n\n\n\n<ul class=\"wp-block-list\">\n<li>Seuranta  ulkomaan paketeihin 3 \u20ac<\/li>\n\n\n\n<li>Kirjel\u00e4hetysten matkahuoltotoimitus seurantakoodilla 3 \u20ac<\/li>\n<\/ul>\n\n\n\n<h3 class=\"wp-block-heading\">Ilmainen toimitus <\/h3>\n\n\n\n<ul class=\"wp-block-list\">\n<li>Yli 40 \u20ac tilaukset paitsi vinyyli-LP:t ja vinyylisoitinten levymatot (alle 100\u20ac tilaus) vaativat 7\u20ac pakettitoimituksen<\/li>\n\n\n\n<li>Kaikki yli 100 \u20ac tilaukset Suomeen<\/li>\n<\/ul>\n\n\n\n<h3 class=\"wp-block-heading\">Toimitukset<\/h3>\n\n\n\n<p>Kirjekuorikokoisen tavaran Suomeen kuljettaa Posti ilman seurantaa ja pakettitavaran Matkahuolto tai Posti. Ulkomaan l\u00e4hetykset hoitaa yleens\u00e4 DHL\/Deutsche Post Global Mail -palvelu tai joissakin tapauksissa Posti (kaukomaiden kirjel\u00e4hetykset).<\/p>\n\n\n\n<p>Tavaraa l\u00e4hetet\u00e4\u00e4n v\u00e4hint\u00e4\u00e4n kaksi kertaa viikossa. Poikkeustilanteista infotaan etusivun uutisrivill\u00e4 ja tuotteen tavallista pidemm\u00e4st\u00e4 toimitusajasta tuotteen omalla sivulla.<\/p>\n\n\n\n<p>Tilausvahvistuksen saat tavallisimmin samana tai seuraavana arkip\u00e4iv\u00e4n\u00e4. Joskus toki hitaammin koska k\u00e4sipelill\u00e4 vastaillaan.<\/p>\n\n\n\n<h3 class=\"wp-block-heading\">Palautukset<\/h3>\n\n\n\n<p>Kaikella on lakis\u00e4\u00e4teinen 14 p\u00e4iv\u00e4n vaihto-ja palautusoikeus. Tietysti. Ja joskus pidempikin, joten \u00e4l\u00e4 ep\u00e4r\u00f6i ottaa yhteytt\u00e4, jos joku rompehankinta alkaa harmittamaan. Palautuksissa joudut maksamaan tavaran palautuspostimaksun itse ainakin pakettien osalta mutta pienemm\u00e4n romppeen vaihto onnistuu useimmiten meik\u00e4l\u00e4isen piikkiin.<\/p>\n\n\n\n<p>Ole kiltti ja ota palautusasioissa yhteytt\u00e4 ensin s\u00e4hk\u00f6postitse (<a href=\"mailto:&#105;&#110;di&#101;&#102;&#105;l&#109;&#115;&#64;&#105;nd&#105;&#101;&#102;i&#108;&#109;s&#46;fi\">i&#110;diefi&#108;&#109;&#115;&#64;i&#110;&#100;&#105;ef&#105;&#108;&#109;&#115;&#46;&#102;&#105;<\/a>) tai vaikka tilauslomakkeella niin saadaan homma hoidettua mahdollisimman sujuvasti ja edullisesti. Kiitos.<\/p>\n\n\n\n<h2 class=\"wp-block-heading\" id=\"kauppa\">Kauppa<\/h2>\n\n\n\n<p>T\u00e4t\u00e4 nettikauppaa pit\u00e4\u00e4 yll\u00e4 Indie Films Oy \/ Tomi Riionheimo (= Pekka Jokinen), J\u00e4\u00e4k\u00e4rinkatu 11 c 46, 00150 Helsinki, Suomi. Tilausten mukana tulleita nimi-, osoite- tms. tietoja ei ker\u00e4t\u00e4 rekisteriin eik\u00e4 luovuteta mihink\u00e4\u00e4n. Tiedot pysyv\u00e4t s\u00e4hk\u00f6postilaatikossa kotvasen. Postituslistoja ei rakennella eik\u00e4 markkinointipostia l\u00e4hetell\u00e4. Erikoistapauksessa saatan tilausvahvistuksen ohessa l\u00e4hett\u00e4\u00e4 erikoistarjouksen. <\/p>\n","protected":false},"excerpt":{"rendered":"<p>Toimitusehdot ja kulut 2024 Maksutavat Toimituskulut EU-maihin Ilmainen toimitus Toimitukset Kirjekuorikokoisen tavaran Suomeen kuljettaa Posti ilman seurantaa ja pakettitavaran Matkahuolto tai Posti. Ulkomaan l\u00e4hetykset hoitaa yleens\u00e4 DHL\/Deutsche Post Global Mail -palvelu tai joissakin tapauksissa Posti (kaukomaiden kirjel\u00e4hetykset). Tavaraa l\u00e4hetet\u00e4\u00e4n v\u00e4hint\u00e4\u00e4n kaksi kertaa viikossa. Poikkeustilanteista infotaan etusivun uutisrivill\u00e4 ja tuotteen tavallista pidemm\u00e4st\u00e4 toimitusajasta tuotteen omalla sivulla.&#8230;<\/p>\n","protected":false},"author":2,"featured_media":0,"parent":0,"menu_order":2,"comment_status":"closed","ping_status":"closed","template":"","meta":{"footnotes":""},"class_list":["post-1124","page","type-page","status-publish","hentry"],"_links":{"self":[{"href":"https:\/\/www.humppa.com\/jokisen-valinta\/wp-json\/wp\/v2\/pages\/1124","targetHints":{"allow":["GET"]}}],"collection":[{"href":"https:\/\/www.humppa.com\/jokisen-valinta\/wp-json\/wp\/v2\/pages"}],"about":[{"href":"https:\/\/www.humppa.com\/jokisen-valinta\/wp-json\/wp\/v2\/types\/page"}],"author":[{"embeddable":true,"href":"https:\/\/www.humppa.com\/jokisen-valinta\/wp-json\/wp\/v2\/users\/2"}],"replies":[{"embeddable":true,"href":"https:\/\/www.humppa.com\/jokisen-valinta\/wp-json\/wp\/v2\/comments?post=1124"}],"version-history":[{"count":2,"href":"https:\/\/www.humppa.com\/jokisen-valinta\/wp-json\/wp\/v2\/pages\/1124\/revisions"}],"predecessor-version":[{"id":41030,"href":"https:\/\/www.humppa.com\/jokisen-valinta\/wp-json\/wp\/v2\/pages\/1124\/revisions\/41030"}],"wp:attachment":[{"href":"https:\/\/www.humppa.com\/jokisen-valinta\/wp-json\/wp\/v2\/media?parent=1124"}],"curies":[{"name":"wp","href":"https:\/\/api.w.org\/{rel}","templated":true}]}}